{"id":15,"date":"2018-12-02T15:37:17","date_gmt":"2018-12-02T15:37:17","guid":{"rendered":"http:\/\/seeufer.stuenzi.net\/?page_id=15"},"modified":"2026-03-27T18:54:19","modified_gmt":"2026-03-27T17:54:19","slug":"blog","status":"publish","type":"page","link":"https:\/\/uferwege.ch\/?page_id=15","title":{"rendered":"Verein"},"content":{"rendered":"\n<div class=\"wp-block-group\"><div class=\"wp-block-group__inner-container is-layout-constrained wp-block-group-is-layout-constrained\">\n<p><span class=\"\" lang=\"DE\">Der Verein \u201eJA zum Seeuferweg\u201c ist ein parteipolitisch unabh\u00e4ngiger, ideeller Verein, der sich im Kanton Z\u00fcrich daf\u00fcr einsetzt, dass See- und Flussufer freigehalten und \u00f6ffentlicher Zugang und Begehung erleichtert werden. Eine Namens\u00e4nderung zu \u201eZ\u00fcrcher Uferwege\u201c wurde an der Jahresversammlung 2023 gutgeheissen. Die Umsetzung erfolgt nach der Abstimmung zur Uferinitiative.<br \/><\/span><\/p>\n<p><span class=\"\" lang=\"DE\">Der Naturschutz sowie die \u00f6kologische Aufwertung und die Revitalisierung von Gew\u00e4ssern haben f\u00fcr den Verein ein hohes Gewicht.\u00a0 Da der Z\u00fcrichsee sehr stark verbaut und dicht besiedelt ist, ist es dringend n\u00f6tig, seine Ufer nach den Vorgaben des Bundes zu revitalisieren und gleichzeitig unter Ber\u00fccksichtigung des Naturschutzes f\u00fcr Fussg\u00e4ngerinnen und Fussg\u00e4nger <\/span><span class=\"\">entsprechend dem eidgen\u00f6ssischen Raumplanungsgesetz<\/span><span class=\"\">\u00a0wieder\u00a0<\/span><span class=\"\">zug\u00e4nglich zu machen.<\/span><\/p>\n<p><span class=\"\"><a href=\"\/pdf\/statuten.pdf\" target=\"_blank\" rel=\"noopener\">Statuten<\/a>\u00a0<\/span><\/p>\n<hr \/>\n<h5>\u00a0<\/h5>\n<h5>Vorstand<\/h5>\n<p><strong>Felix Hoesch<\/strong>, Kantonsrat, Pr\u00e4sident ad Interim, Z\u00fcrich<br \/><strong>Andr\u00e9 Schlatter<\/strong>, Kassier, K\u00fcsnacht<br \/><strong>Alfons Fischer<\/strong>, Medien, Uetikon<br \/><strong>Heiner Forster<\/strong>, Redaktor, Weisslingen <br \/><strong>Julia Gerber R\u00fcegg<\/strong>, Gemeinden und Planungsregionen, W\u00e4denswil<br \/><strong>Rolf Gloor<\/strong>, Beisitzer, Richterswil<br \/><strong>Hanspeter G\u00f6ldi<\/strong>, Kantons- und Gemeinderat, Meilen<br \/><strong>Monika Saxer<\/strong>, Web, Z\u00fcrich<br \/><strong>Thomas Schweizer<\/strong>, Kantonsrat, Hedingen<br \/><strong>Michael St\u00fcnzi<\/strong>, Web, Thalwil<br \/><strong>Markus Zimmermann<\/strong>, Z\u00fcrich<\/p>\n<\/div><\/div>\n","protected":false},"excerpt":{"rendered":"<p>Der Verein \u201eJA zum Seeuferweg\u201c ist ein parteipolitisch unabh\u00e4ngiger, ideeller Verein, der sich im Kanton Z\u00fcrich daf\u00fcr einsetzt, dass See- und Flussufer freigehalten und \u00f6ffentlicher Zugang und Begehung erleichtert werden. Eine Namens\u00e4nderung zu \u201eZ\u00fcrcher Uferwege\u201c wurde an der Jahresversammlung 2023 gutgeheissen. Die Umsetzung erfolgt nach der Abstimmung zur Uferinitiative. Der Naturschutz sowie die \u00f6kologische Aufwertung &hellip; <\/p>\n<p class=\"link-more\"><a href=\"https:\/\/uferwege.ch\/?page_id=15\" class=\"more-link\"><span class=\"screen-reader-text\">&#171;Verein&#187;<\/span> weiterlesen<\/a><\/p>\n","protected":false},"author":1,"featured_media":0,"parent":0,"menu_order":0,"comment_status":"closed","ping_status":"closed","template":"","meta":{"give_campaign_id":0,"_mo_disable_npp":"","footnotes":""},"class_list":["post-15","page","type-page","status-publish","hentry"],"campaignId":"","_links":{"self":[{"href":"https:\/\/uferwege.ch\/index.php?rest_route=\/wp\/v2\/pages\/15","targetHints":{"allow":["GET"]}}],"collection":[{"href":"https:\/\/uferwege.ch\/index.php?rest_route=\/wp\/v2\/pages"}],"about":[{"href":"https:\/\/uferwege.ch\/index.php?rest_route=\/wp\/v2\/types\/page"}],"author":[{"embeddable":true,"href":"https:\/\/uferwege.ch\/index.php?rest_route=\/wp\/v2\/users\/1"}],"replies":[{"embeddable":true,"href":"https:\/\/uferwege.ch\/index.php?rest_route=%2Fwp%2Fv2%2Fcomments&post=15"}],"version-history":[{"count":26,"href":"https:\/\/uferwege.ch\/index.php?rest_route=\/wp\/v2\/pages\/15\/revisions"}],"predecessor-version":[{"id":1176107,"href":"https:\/\/uferwege.ch\/index.php?rest_route=\/wp\/v2\/pages\/15\/revisions\/1176107"}],"wp:attachment":[{"href":"https:\/\/uferwege.ch\/index.php?rest_route=%2Fwp%2Fv2%2Fmedia&parent=15"}],"curies":[{"name":"wp","href":"https:\/\/api.w.org\/{rel}","templated":true}]}}