{"id":1585,"date":"2021-05-26T18:23:57","date_gmt":"2021-05-26T17:23:57","guid":{"rendered":"https:\/\/seeuferweg.ch\/?page_id=1585"},"modified":"2026-03-19T11:07:52","modified_gmt":"2026-03-19T10:07:52","slug":"uferinitiative-2","status":"publish","type":"page","link":"https:\/\/uferwege.ch\/?page_id=1585","title":{"rendered":"Uferinitiative"},"content":{"rendered":"<p><strong>Die Ufer der Z\u00fcrcher Gew\u00e4sser sollen besser zug\u00e4nglich gemacht und zugleich \u00f6kologisch aufgewertet werden. Am Z\u00fcrichsee soll ein durchgehender Seeuferweg erstellt werden, der m\u00f6glichst nahe am Ufer verl\u00e4uft und die \u00f6ffentlichen Seezug\u00e4nge verbindet.\u00a0<\/strong><\/p>\n<p>Gew\u00e4sser geh\u00f6ren der Allgemeinheit und sollen von der gesamten Bev\u00f6lkerung genutzt werden d\u00fcrfen. Sie bieten eine wichtige Grundlage f\u00fcr Erholung sowie sportliche oder spielerische Aktivit\u00e4ten. Leider sind viele Uferabschnitte nicht zug\u00e4nglich. So kann die Bev\u00f6lkerung ihre Rechte nicht aus\u00fcben. Hier will die Ufer-Initiative ansetzen und eine Verbesserung bringen. Was \u00f6ffentlich ist, soll auch f\u00fcr alle zug\u00e4nglich sein: Zugang zum Z\u00fcrichsee f\u00fcr alle mit der Ufer-Initiative!<\/p>\n<p><a href=\"https:\/\/uferinitiative.ch\"><img loading=\"lazy\" decoding=\"async\" class=\"aligncenter wp-image-1570 size-full\" src=\"https:\/\/seeuferweg.ch\/wp-content\/uploads\/2021\/05\/Uferinitiative-e1622049919656.png\" alt=\"\" width=\"2000\" height=\"520\" srcset=\"https:\/\/uferwege.ch\/wp-content\/uploads\/2021\/05\/Uferinitiative-e1622049919656.png 2000w, https:\/\/uferwege.ch\/wp-content\/uploads\/2021\/05\/Uferinitiative-e1622049919656-300x78.png 300w, https:\/\/uferwege.ch\/wp-content\/uploads\/2021\/05\/Uferinitiative-e1622049919656-1024x266.png 1024w, https:\/\/uferwege.ch\/wp-content\/uploads\/2021\/05\/Uferinitiative-e1622049919656-768x200.png 768w, https:\/\/uferwege.ch\/wp-content\/uploads\/2021\/05\/Uferinitiative-e1622049919656-1536x399.png 1536w\" sizes=\"auto, (max-width: 767px) 89vw, (max-width: 1000px) 54vw, (max-width: 1071px) 543px, 580px\" \/><\/a><\/p>\n<p><strong>Der See geh\u00f6rt allen!<\/strong><\/p>\n<p>Die Verfassung des Kantons Z\u00fcrich soll mit einem neuen Artikel erg\u00e4nzt werden, der den Staat verpflichtet, die See- und Flussufer freizuhalten und den \u00f6ffentlichen Zugang sowie die Begehung zu erleichtern. Uferwege an Fl\u00fcssen und Seen sollen gesichert und bestehende L\u00fccken im Fusswegnetz geschlossen werden.<\/p>\n<p><strong>Wir wollen nicht mehr warten<\/strong><\/p>\n<p>Die Uferwege sind bisher zwar im Z\u00fcrcher Strassengesetz verankert und damit den Staatsstrassen gleichgesetzt. Doch in der Praxis werden Uferwege regelm\u00e4ssig von der politischen Agenda gestrichen. Insbesondere der Ausbau des Z\u00fcrichseeuferwegs kommt seit Jahren nicht vom Fleck. Es gab einen jahrelangen kantonalen Planungsstopp f\u00fcr Uferwegprojekte. Anschliessend wurden Projekte von Gemeinden und vom Kanton \u00fcber Jahre hinausgez\u00f6gert. Es fehlt in vielen Gemeinden sowie auf der Ebene des Kantons ganz offensichtlich der politische Wille zur Umsetzung von Uferweg-Projekten.<\/p>\n<p><strong>Verankerung in Verfassung<\/strong><\/p>\n<p>Mit der Ufer-Initiative sollen die Z\u00fcrcher Wanderwege nicht nur mit attraktiven neuen Abschnitten erweitert, sondern von der Gesetzesebene auf die Stufe der Verfassung gehoben werden. Analog sind die Schweizer Wanderwege bereits in der Bundesverfassung verankert und erhielten so gr\u00f6sseres politisches Gewicht. Mit der Verankerung in die Kantonsverfassung h\u00e4tten Uferwege einen neuen Status und das \u00f6ffentliche Interesse an ihnen w\u00e4re klar ausgewiesen. Diese Klarstellung ist n\u00f6tig, damit Blockaden endlich \u00fcberwunden werden k\u00f6nnen.<\/p>\n<p><strong>Die Landschaft sch\u00fctzen<\/strong><\/p>\n<p>Das \u00d6kosystem Z\u00fcrichsee ist stark gesch\u00e4digt worden, als im 19. und 20. Jh. grossfl\u00e4chige Aufsch\u00fcttungen und Uferbefestigungen erstellt und dadurch die nat\u00fcrlichen Seeufer zerst\u00f6rt wurden. Heute wird die Natur von der intensiven Baut\u00e4tigkeit an den Ufern weiter zur\u00fcckgedr\u00e4ngt. Gleichzeitig mit dem Bau des Seeuferwegs muss der Lebensraum von Pflanzen und Tieren erweitert, aufgewertet und gesch\u00fctzt werden.<\/p>\n\n\n<p>Mehr Informationen unter: <a href=\"https:\/\/uferinitiative.ch\" target=\"_blank\" rel=\"noreferrer noopener\">uferinitiative.ch<\/a><\/p>\n","protected":false},"excerpt":{"rendered":"<p>Die Ufer der Z\u00fcrcher Gew\u00e4sser sollen besser zug\u00e4nglich gemacht und zugleich \u00f6kologisch aufgewertet werden. Am Z\u00fcrichsee soll ein durchgehender Seeuferweg erstellt werden, der m\u00f6glichst nahe am Ufer verl\u00e4uft und die \u00f6ffentlichen Seezug\u00e4nge verbindet.\u00a0 Gew\u00e4sser geh\u00f6ren der Allgemeinheit und sollen von der gesamten Bev\u00f6lkerung genutzt werden d\u00fcrfen. Sie bieten eine wichtige Grundlage f\u00fcr Erholung sowie sportliche &hellip; <\/p>\n<p class=\"link-more\"><a href=\"https:\/\/uferwege.ch\/?page_id=1585\" class=\"more-link\"><span class=\"screen-reader-text\">&#171;Uferinitiative&#187;<\/span> weiterlesen<\/a><\/p>\n","protected":false},"author":1,"featured_media":0,"parent":0,"menu_order":0,"comment_status":"closed","ping_status":"closed","template":"","meta":{"give_campaign_id":0,"_mo_disable_npp":"","footnotes":""},"class_list":["post-1585","page","type-page","status-publish","hentry"],"campaignId":"","_links":{"self":[{"href":"https:\/\/uferwege.ch\/index.php?rest_route=\/wp\/v2\/pages\/1585","targetHints":{"allow":["GET"]}}],"collection":[{"href":"https:\/\/uferwege.ch\/index.php?rest_route=\/wp\/v2\/pages"}],"about":[{"href":"https:\/\/uferwege.ch\/index.php?rest_route=\/wp\/v2\/types\/page"}],"author":[{"embeddable":true,"href":"https:\/\/uferwege.ch\/index.php?rest_route=\/wp\/v2\/users\/1"}],"replies":[{"embeddable":true,"href":"https:\/\/uferwege.ch\/index.php?rest_route=%2Fwp%2Fv2%2Fcomments&post=1585"}],"version-history":[{"count":4,"href":"https:\/\/uferwege.ch\/index.php?rest_route=\/wp\/v2\/pages\/1585\/revisions"}],"predecessor-version":[{"id":1175162,"href":"https:\/\/uferwege.ch\/index.php?rest_route=\/wp\/v2\/pages\/1585\/revisions\/1175162"}],"wp:attachment":[{"href":"https:\/\/uferwege.ch\/index.php?rest_route=%2Fwp%2Fv2%2Fmedia&parent=1585"}],"curies":[{"name":"wp","href":"https:\/\/api.w.org\/{rel}","templated":true}]}}