{"id":360,"date":"2019-01-03T17:37:29","date_gmt":"2019-01-03T16:37:29","guid":{"rendered":"http:\/\/seeufer.stuenzi.net\/?page_id=360"},"modified":"2023-07-21T15:57:43","modified_gmt":"2023-07-21T14:57:43","slug":"mitglied-werden","status":"publish","type":"page","link":"https:\/\/uferwege.ch\/?page_id=360","title":{"rendered":"Mitglied werden"},"content":{"rendered":"<p>Mit einem Beitrag von<br \/>\nCHF 50.- pro Person\/Jahr<br \/>\nCHF 75.- f\u00fcr Paare<br \/>\nCHF 150.- f\u00fcr Kollektivmitglieder\/Juristische Personen<br \/>\nCHF 200.-\u00a0 oder mehr f\u00fcr G\u00f6nner*innen<br \/>\nunterst\u00fctzen Sie unseren Einsatz f\u00fcr einen Seeuferweg f\u00fcr alle und erhalten regelm\u00e4ssig Neuigkeiten von uns.<\/p>\n<p>Ausserdem sind Sie herzlich willkommen, wenn Sie sich aktiv bei einzelnen Projekten oder im Vorstand einsetzen wollen. Werden Sie Mitglied!<\/p>\n<h5>Vereinsmitgliedschaft<\/h5>\n\n<div class=\"wpcf7 no-js\" id=\"wpcf7-f404-o1\" lang=\"de-CH\" dir=\"ltr\" data-wpcf7-id=\"404\">\n<div class=\"screen-reader-response\"><p role=\"status\" aria-live=\"polite\" aria-atomic=\"true\"><\/p> <ul><\/ul><\/div>\n<form action=\"\/index.php?rest_route=%2Fwp%2Fv2%2Fpages%2F360#wpcf7-f404-o1\" method=\"post\" class=\"wpcf7-form init\" aria-label=\"Contact form\" novalidate=\"novalidate\" data-status=\"init\">\n<fieldset class=\"hidden-fields-container\"><input type=\"hidden\" name=\"_wpcf7\" value=\"404\" \/><input type=\"hidden\" name=\"_wpcf7_version\" value=\"6.1.5\" \/><input type=\"hidden\" name=\"_wpcf7_locale\" value=\"de_CH\" \/><input type=\"hidden\" name=\"_wpcf7_unit_tag\" value=\"wpcf7-f404-o1\" \/><input type=\"hidden\" name=\"_wpcf7_container_post\" value=\"0\" \/><input type=\"hidden\" name=\"_wpcf7_posted_data_hash\" value=\"\" \/>\n<\/fieldset>\n<p><label> Name<br \/>\n<span class=\"wpcf7-form-control-wrap\" data-name=\"your-name\"><input size=\"40\" maxlength=\"400\" class=\"wpcf7-form-control wpcf7-text wpcf7-validates-as-required\" aria-required=\"true\" aria-invalid=\"false\" value=\"\" type=\"text\" name=\"your-name\" \/><\/span> <\/label>\n<\/p>\n<p><label> Strasse<br \/>\n<span class=\"wpcf7-form-control-wrap\" data-name=\"your-address\"><input size=\"40\" maxlength=\"400\" class=\"wpcf7-form-control wpcf7-text wpcf7-validates-as-required\" aria-required=\"true\" aria-invalid=\"false\" value=\"\" type=\"text\" name=\"your-address\" \/><\/span> <\/label>\n<\/p>\n<p><label> PLZ und Wohnort<br \/>\n<span class=\"wpcf7-form-control-wrap\" data-name=\"your-place\"><input size=\"40\" maxlength=\"400\" class=\"wpcf7-form-control wpcf7-text\" aria-invalid=\"false\" value=\"\" type=\"text\" name=\"your-place\" \/><\/span> <\/label>\n<\/p>\n<p><label> Telefon<br \/>\n<span class=\"wpcf7-form-control-wrap\" data-name=\"your-phone\"><input size=\"40\" maxlength=\"400\" class=\"wpcf7-form-control wpcf7-text\" aria-invalid=\"false\" value=\"\" type=\"text\" name=\"your-phone\" \/><\/span> <\/label>\n<\/p>\n<p><label> Email<br \/>\n<span class=\"wpcf7-form-control-wrap\" data-name=\"your-email\"><input size=\"40\" maxlength=\"400\" class=\"wpcf7-form-control wpcf7-email wpcf7-validates-as-required wpcf7-text wpcf7-validates-as-email\" aria-required=\"true\" aria-invalid=\"false\" value=\"\" type=\"email\" name=\"your-email\" \/><\/span> <\/label>\n<\/p>\n<p><label> Ich interessiere mich speziell f\u00fcr<br \/>\n<span class=\"wpcf7-form-control-wrap\" data-name=\"your-message\"><textarea cols=\"40\" rows=\"10\" maxlength=\"2000\" class=\"wpcf7-form-control wpcf7-textarea\" aria-invalid=\"false\" name=\"your-message\"><\/textarea><\/span> <\/label>\n<\/p>\n<p><p><span class=\"wpcf7-form-control-wrap\"><input type=\"hidden\" name=\"php_start_time\" value=\"1775394617.9078\" \/><input type=\"hidden\" name=\"js_end_time\" class=\"js_end_time\" value=\"\" \/><input type=\"hidden\" name=\"js_start_time\" class=\"js_start_time\" value=\"\" \/><div class=\"f12t\"><input type=\"hidden\" class=\"f12_timer\" name=\"f12_multiple_submission_protection\" value=\"$2y$10$yaMy\/kYlcFTFn3UNVkKaG.cWUHs0sBJpRdWQoztN8x37P3t594OPu\"\/><\/div><input id=\"f12_captcha\" type=\"text\" style=\"visibility:hidden!important; opacity:1!important; height:0!important; width:0!important; margin:0!important; padding:0!important;\" name=\"f12_captcha\" value=\"\"\/><input type=\"hidden\" name=\"behavior_nonce\" value=\"\" \/><script>\r\n(function(){\r\n\tvar el = document.currentScript;\r\n\tif (!el) return;\r\n\tvar form = el.closest(\"form\");\r\n\tif (!form || form.dataset.ssInit === \"1\") return;\r\n\tform.dataset.ssInit = \"1\";\r\n\tform.dataset.ssMode = \"protect\";\r\n\tform.dataset.ssSource = \"rule\";\r\n})();\r\n<\/script><\/span><\/p><input class=\"wpcf7-form-control wpcf7-submit has-spinner\" type=\"submit\" value=\"Senden\" \/>\n<\/p><div class=\"wpcf7-response-output\" aria-hidden=\"true\"><\/div>\n<\/form>\n<\/div>\n\n","protected":false},"excerpt":{"rendered":"<p>Mit einem Beitrag von CHF 50.- pro Person\/Jahr CHF 75.- f\u00fcr Paare CHF 150.- f\u00fcr Kollektivmitglieder\/Juristische Personen CHF 200.-\u00a0 oder mehr f\u00fcr G\u00f6nner*innen unterst\u00fctzen Sie unseren Einsatz f\u00fcr einen Seeuferweg f\u00fcr alle und erhalten regelm\u00e4ssig Neuigkeiten von uns. Ausserdem sind Sie herzlich willkommen, wenn Sie sich aktiv bei einzelnen Projekten oder im Vorstand einsetzen wollen. &hellip; <\/p>\n<p class=\"link-more\"><a href=\"https:\/\/uferwege.ch\/?page_id=360\" class=\"more-link\"><span class=\"screen-reader-text\">&#171;Mitglied werden&#187;<\/span> weiterlesen<\/a><\/p>\n","protected":false},"author":1,"featured_media":0,"parent":0,"menu_order":0,"comment_status":"closed","ping_status":"closed","template":"","meta":{"give_campaign_id":0,"_mo_disable_npp":"","footnotes":""},"class_list":["post-360","page","type-page","status-publish","hentry"],"campaignId":"","_links":{"self":[{"href":"https:\/\/uferwege.ch\/index.php?rest_route=\/wp\/v2\/pages\/360","targetHints":{"allow":["GET"]}}],"collection":[{"href":"https:\/\/uferwege.ch\/index.php?rest_route=\/wp\/v2\/pages"}],"about":[{"href":"https:\/\/uferwege.ch\/index.php?rest_route=\/wp\/v2\/types\/page"}],"author":[{"embeddable":true,"href":"https:\/\/uferwege.ch\/index.php?rest_route=\/wp\/v2\/users\/1"}],"replies":[{"embeddable":true,"href":"https:\/\/uferwege.ch\/index.php?rest_route=%2Fwp%2Fv2%2Fcomments&post=360"}],"version-history":[{"count":9,"href":"https:\/\/uferwege.ch\/index.php?rest_route=\/wp\/v2\/pages\/360\/revisions"}],"predecessor-version":[{"id":1741,"href":"https:\/\/uferwege.ch\/index.php?rest_route=\/wp\/v2\/pages\/360\/revisions\/1741"}],"wp:attachment":[{"href":"https:\/\/uferwege.ch\/index.php?rest_route=%2Fwp%2Fv2%2Fmedia&parent=360"}],"curies":[{"name":"wp","href":"https:\/\/api.w.org\/{rel}","templated":true}]}}